{"id":105855,"date":"2024-04-26T19:00:28","date_gmt":"2024-04-26T19:00:28","guid":{"rendered":"https:\/\/www.coolturalia.com\/?page_id=105855"},"modified":"2025-01-05T18:05:34","modified_gmt":"2025-01-05T18:05:34","slug":"a-propos-de-nous","status":"publish","type":"page","link":"https:\/\/www.coolturalia.com\/fr\/a-propos-de-nous\/","title":{"rendered":"\u00c0 propos de nous"},"content":{"rendered":"\t\t<div data-elementor-type=\"wp-page\" data-elementor-id=\"105855\" class=\"elementor elementor-105855 elementor-620\" data-elementor-post-type=\"page\">\n\t\t\t\t<div class=\"elementor-element elementor-element-b32c29d elementor-hidden-desktop elementor-hidden-laptop elementor-hidden-tablet_extra elementor-hidden-tablet e-flex e-con-boxed e-con e-parent\" data-id=\"b32c29d\" data-element_type=\"container\" data-e-type=\"container\" data-settings=\"{&quot;background_background&quot;:&quot;classic&quot;}\">\n\t\t\t\t\t<div class=\"e-con-inner\">\n\t\t<div class=\"elementor-element elementor-element-87a51a6 e-con-full e-flex e-con e-child\" data-id=\"87a51a6\" data-element_type=\"container\" data-e-type=\"container\">\n\t\t\t\t<div class=\"elementor-element elementor-element-b099a10 elementor-widget elementor-widget-html\" data-id=\"b099a10\" data-element_type=\"widget\" data-e-type=\"widget\" data-widget_type=\"html.default\">\n\t\t\t\t<div class=\"elementor-widget-container\">\n\t\t\t\t\t<svg class=\"eyeballs-logo\" aria-labelledby=\"h1-title\" xmlns=\"http:\/\/www.w3.org\/2000\/svg\" width=\"255\" height=\"125\" viewBox=\"0 0 255 125\">\n  <g id=\"coolturalia_logo_rvb_coolturalia_rvb_rouge1\" transform=\"translate(-213.6 -115.8)\">\n    <path id=\"Trac\u00e9_13161\" data-name=\"Trac\u00e9 13161\" d=\"M320.058,151.679c0,33.264-19.872,60.479-60.479,60.479S199.1,184.943,199.1,151.679,218.54,91.2,259.579,91.2C300.187,91.2,320.058,118.416,320.058,151.679Zm-34.56.216c0-27-5.184-53.783-25.92-53.783-21.168,0-25.92,26.784-25.92,53.783,0,26.784,4.536,53.351,25.92,53.351C280.747,205.246,285.5,178.679,285.5,151.9Z\" transform=\"translate(145.576 25.983)\" fill=\"currentColor\"><\/path>\n    <g id=\"Groupe_7361\" data-name=\"Groupe 7361\" transform=\"translate(393.06 195.374)\">\n      <g class=\"eyeball\">\n        <path id=\"Trac\u00e9_13162\" data-name=\"Trac\u00e9 13162\" d=\"M245.692,139.5c0,6.7-3.888,12.1-12.1,12.1s-12.1-5.4-12.1-12.1,3.888-12.1,12.1-12.1S245.692,132.8,245.692,139.5Z\" transform=\"translate(-221.5 -127.4)\" fill=\"currentColor\"><\/path>\n      <\/g>\n    <\/g>\n    <g id=\"Groupe_7363\" data-name=\"Groupe 7363\" transform=\"translate(216.59 117.183)\">\n      <path id=\"Trac\u00e9_13163\" class=\"eye\" data-name=\"Trac\u00e9 13163\" d=\"M260.758,151.679c0,33.264-19.872,60.479-60.479,60.479S139.8,184.943,139.8,151.679,159.24,91.2,200.279,91.2C240.887,91.2,260.758,118.416,260.758,151.679Zm-34.56.216c0-27-5.184-53.783-25.92-53.783-21.168,0-25.92,26.784-25.92,53.783,0,26.784,4.536,53.351,25.92,53.351C221.447,205.246,226.2,178.679,226.2,151.9Z\" transform=\"translate(-139.8 -91.2)\" fill=\"currentColor\"><\/path>\n      <g class=\"eyeball\">\n        <path id=\"Trac\u00e9_13164\" data-name=\"Trac\u00e9 13164\" d=\"M186.392,139.5c0,6.7-3.888,12.1-12.1,12.1s-12.1-5.4-12.1-12.1,3.888-12.1,12.1-12.1C182.288,127.4,186.392,132.8,186.392,139.5Z\" transform=\"translate(-113.817 -49.209)\" fill=\"currentColor\"><\/path>\n      <\/g>\n    <\/g>\n  <\/g>\n<\/svg>\t\t\t\t<\/div>\n\t\t\t\t<\/div>\n\t\t\t\t<div class=\"elementor-element elementor-element-0fa2387 elementor-widget__width-inherit elementor-widget elementor-widget-heading\" data-id=\"0fa2387\" data-element_type=\"widget\" data-e-type=\"widget\" data-widget_type=\"heading.default\">\n\t\t\t\t<div class=\"elementor-widget-container\">\n\t\t\t\t\t<h1 class=\"elementor-heading-title elementor-size-default\">\u00c0 propos de nous\u200b<\/h1>\t\t\t\t<\/div>\n\t\t\t\t<\/div>\n\t\t\t\t<\/div>\n\t\t\t\t\t<\/div>\n\t\t\t\t<\/div>\n\t\t<div class=\"elementor-element elementor-element-1b2def0 e-flex e-con-boxed e-con e-parent\" data-id=\"1b2def0\" data-element_type=\"container\" data-e-type=\"container\">\n\t\t\t\t\t<div class=\"e-con-inner\">\n\t\t<div class=\"elementor-element elementor-element-655bedd e-con-full elementor-hidden-mobile_extra elementor-hidden-mobile e-flex e-con e-child\" data-id=\"655bedd\" data-element_type=\"container\" data-e-type=\"container\">\n\t\t\t\t<div class=\"elementor-element elementor-element-4a82a26 elementor-widget__width-inherit elementor-widget elementor-widget-heading\" data-id=\"4a82a26\" data-element_type=\"widget\" data-e-type=\"widget\" data-widget_type=\"heading.default\">\n\t\t\t\t<div class=\"elementor-widget-container\">\n\t\t\t\t\t<h1 class=\"elementor-heading-title elementor-size-default\">\u00c0 propos de nous<\/h1>\t\t\t\t<\/div>\n\t\t\t\t<\/div>\n\t\t\t\t<div class=\"elementor-element elementor-element-0f00ae4 elementor-widget elementor-widget-html\" data-id=\"0f00ae4\" data-element_type=\"widget\" data-e-type=\"widget\" data-widget_type=\"html.default\">\n\t\t\t\t<div class=\"elementor-widget-container\">\n\t\t\t\t\t<svg class=\"eyeballs-logo-dekstop\" aria-labelledby=\"h1-title\" xmlns=\"http:\/\/www.w3.org\/2000\/svg\" width=\"255\" height=\"125\" viewBox=\"0 0 255 125\">\n  <g id=\"coolturalia_logo_rvb_coolturalia_rvb_rouge1\" transform=\"translate(-213.6 -115.8)\">\n    <path id=\"Trac\u00e9_13161\" data-name=\"Trac\u00e9 13161\" d=\"M320.058,151.679c0,33.264-19.872,60.479-60.479,60.479S199.1,184.943,199.1,151.679,218.54,91.2,259.579,91.2C300.187,91.2,320.058,118.416,320.058,151.679Zm-34.56.216c0-27-5.184-53.783-25.92-53.783-21.168,0-25.92,26.784-25.92,53.783,0,26.784,4.536,53.351,25.92,53.351C280.747,205.246,285.5,178.679,285.5,151.9Z\" transform=\"translate(145.576 25.983)\" fill=\"currentColor\"><\/path>\n    <g id=\"Groupe_7361\" data-name=\"Groupe 7361\" transform=\"translate(393.06 195.374)\">\n      <g class=\"eyeball\">\n        <path id=\"Trac\u00e9_13162\" data-name=\"Trac\u00e9 13162\" d=\"M245.692,139.5c0,6.7-3.888,12.1-12.1,12.1s-12.1-5.4-12.1-12.1,3.888-12.1,12.1-12.1S245.692,132.8,245.692,139.5Z\" transform=\"translate(-221.5 -127.4)\" fill=\"currentColor\"><\/path>\n      <\/g>\n    <\/g>\n    <g id=\"Groupe_7363\" data-name=\"Groupe 7363\" transform=\"translate(216.59 117.183)\">\n      <path id=\"Trac\u00e9_13163\" class=\"eye\" data-name=\"Trac\u00e9 13163\" d=\"M260.758,151.679c0,33.264-19.872,60.479-60.479,60.479S139.8,184.943,139.8,151.679,159.24,91.2,200.279,91.2C240.887,91.2,260.758,118.416,260.758,151.679Zm-34.56.216c0-27-5.184-53.783-25.92-53.783-21.168,0-25.92,26.784-25.92,53.783,0,26.784,4.536,53.351,25.92,53.351C221.447,205.246,226.2,178.679,226.2,151.9Z\" transform=\"translate(-139.8 -91.2)\" fill=\"currentColor\"><\/path>\n      <g class=\"eyeball\">\n        <path id=\"Trac\u00e9_13164\" data-name=\"Trac\u00e9 13164\" d=\"M186.392,139.5c0,6.7-3.888,12.1-12.1,12.1s-12.1-5.4-12.1-12.1,3.888-12.1,12.1-12.1C182.288,127.4,186.392,132.8,186.392,139.5Z\" transform=\"translate(-113.817 -49.209)\" fill=\"currentColor\"><\/path>\n      <\/g>\n    <\/g>\n  <\/g>\n<\/svg>\n\t\t\t\t<\/div>\n\t\t\t\t<\/div>\n\t\t\t\t<\/div>\n\t\t<div class=\"elementor-element elementor-element-4ef0281 e-con-full e-flex e-con e-child\" data-id=\"4ef0281\" data-element_type=\"container\" data-e-type=\"container\">\n\t\t\t\t<div class=\"elementor-element elementor-element-7357fc6 elementor-widget__width-inherit elementor-widget elementor-widget-text-editor\" data-id=\"7357fc6\" data-element_type=\"widget\" data-e-type=\"widget\" data-widget_type=\"text-editor.default\">\n\t\t\t\t<div class=\"elementor-widget-container\">\n\t\t\t\t\t\t\t\t\t<p>Coolturalia est votre alli\u00e9 culturel!<\/p>\t\t\t\t\t\t\t\t<\/div>\n\t\t\t\t<\/div>\n\t\t\t\t<div class=\"elementor-element elementor-element-2432c63 elementor-widget__width-inherit elementor-widget elementor-widget-text-editor\" data-id=\"2432c63\" data-element_type=\"widget\" data-e-type=\"widget\" data-widget_type=\"text-editor.default\">\n\t\t\t\t<div class=\"elementor-widget-container\">\n\t\t\t\t\t\t\t\t\t<p>Bienvenue chez Coolturalia, le fruit de deux passionn\u00e9es de culture. Notre mission? Vous guider \u00e0 travers la sc\u00e8ne culturelle vibrante de Gen\u00e8ve et vous aider \u00e0 en profiter pleinement. Constatant le besoin d&rsquo;une boussole culturelle accessible pour la ville, nous avons con\u00e7u un agenda culturel en ligne qui est \u00e0 la fois cool, actuel et d\u00e9cal\u00e9.<\/p>\t\t\t\t\t\t\t\t<\/div>\n\t\t\t\t<\/div>\n\t\t\t\t<div class=\"elementor-element elementor-element-5599a40 elementor-widget__width-inherit elementor-widget elementor-widget-text-editor\" data-id=\"5599a40\" data-element_type=\"widget\" data-e-type=\"widget\" data-widget_type=\"text-editor.default\">\n\t\t\t\t<div class=\"elementor-widget-container\">\n\t\t\t\t\t\t\t\t\t<p>Notre ambition est de d\u00e9voiler les tr\u00e9sors cach\u00e9s de Gen\u00e8ve, d\u2019inspirer et de rassembler une communaut\u00e9 d&rsquo;amateurs de culture. Rejoignez-nous et profitez du meilleur de Gen\u00e8ve!<\/p>\t\t\t\t\t\t\t\t<\/div>\n\t\t\t\t<\/div>\n\t\t\t\t<\/div>\n\t\t\t\t\t<\/div>\n\t\t\t\t<\/div>\n\t\t<div class=\"elementor-element elementor-element-b57ae9b e-flex e-con-boxed e-con e-parent\" data-id=\"b57ae9b\" data-element_type=\"container\" data-e-type=\"container\">\n\t\t\t\t\t<div class=\"e-con-inner\">\n\t\t\t\t<div class=\"elementor-element elementor-element-5ec851a elementor-widget elementor-widget-html\" data-id=\"5ec851a\" data-element_type=\"widget\" data-e-type=\"widget\" data-widget_type=\"html.default\">\n\t\t\t\t<div class=\"elementor-widget-container\">\n\t\t\t\t\t<script>\r\n  \/\/Eyeballs follow mouse\r\n  let logo = document.querySelector(\".eyeballs-logo-dekstop\");\r\n  let balls = logo.querySelectorAll(\".eyeball\");\r\n\r\n  let offsetX = (balls[0].getBoundingClientRect().left + balls[1].getBoundingClientRect().right) \/ 2;\r\n  let offsetY = (balls[0].getBoundingClientRect().top + 0.28 * logo.getBoundingClientRect().height + logo.getBoundingClientRect().bottom) \/ 2;\r\n\r\n  window.onresize = function () {\r\n    offsetX = (balls[0].getBoundingClientRect().left + balls[1].getBoundingClientRect().right) \/ 2;\r\n    offsetY = (logo.getBoundingClientRect().top + 0.28 * logo.getBoundingClientRect().height + logo.getBoundingClientRect().bottom) \/ 2;\r\n  };\r\n\r\n  document.onmousemove = function (event) {\r\n    let ratioX = Math.max(Math.min((event.clientX - offsetX) \/ (2 * offsetX), 0.5), -0.5);\r\n    let ratioY = Math.max(Math.min((event.clientY - offsetY) \/ (2 * offsetY), 0.5), -0.5);\r\n\r\n    let x = ratioX * (logo.getBoundingClientRect().width \/ 32.55 - balls[0].getBoundingClientRect().width) + \"px\";\r\n    let y = ratioY * (logo.getBoundingClientRect().height \/ 2.05 - balls[0].getBoundingClientRect().height) - (logo.getBoundingClientRect().height \/ 2.05 - balls[0].getBoundingClientRect().height) \/ 2 + \"px\";\r\n\r\n    for (let i = 0; i < 2; i++) {\r\n      balls[i].style.transform = \"translate(\" + x + \",\" + y + \")\";\r\n    }\r\n  };\r\n\r\n  let positions = [\r\n    { x: -8, y: 0 },\r\n    { x: 8, y: -35 },\r\n    { x: -8, y: -35 },\r\n    { x: 8, y: 0 },\r\n  ];\r\n\r\n  let lastPositionIndex = 0;\r\n\r\n  function loopKeyFrame() {\r\n    let logo = document.querySelector(\".eyeballs-logo\");\r\n    let balls = logo.querySelectorAll(\".eyeball\");\r\n\r\n    let partialPositions = positions.slice(0);\r\n    partialPositions.splice(lastPositionIndex, 1);\r\n    lastPositionIndex = Math.floor(Math.random() * partialPositions.length);\r\n\r\n    for (let i = 0; i < 2; i++) {\r\n      balls[i].style.transition = \"transform 1s ease\";\r\n      balls[i].style.transform = \"translate(\" + partialPositions[lastPositionIndex].x + \"px,\" + partialPositions[lastPositionIndex].y + \"px)\";\r\n    }\r\n\r\n    setTimeout(function () {\r\n      requestAnimationFrame(loopKeyFrame);\r\n    }, Math.floor(Math.random() * (2000 - 1000 + 1) + 1000));\r\n  }\r\n\r\n  loopKeyFrame();\r\n<\/script>\r\n\t\t\t\t<\/div>\n\t\t\t\t<\/div>\n\t\t\t\t\t<\/div>\n\t\t\t\t<\/div>\n\t\t\t\t<\/div>\n\t\t","protected":false},"excerpt":{"rendered":"<p>&nbsp; \u00c0 propos de nous\u200b \u00c0 propos de nous &nbsp; Coolturalia est votre alli\u00e9 culturel! Bienvenue chez Coolturalia, le fruit de deux passionn\u00e9es de culture. Notre mission? Vous guider \u00e0 travers la sc\u00e8ne culturelle vibrante de Gen\u00e8ve et vous aider \u00e0 en profiter pleinement. Constatant le besoin d&rsquo;une boussole culturelle accessible pour la ville, nous [&hellip;]<\/p>\n","protected":false},"author":58,"featured_media":0,"parent":0,"menu_order":0,"comment_status":"closed","ping_status":"closed","template":"","meta":{"_acf_changed":false,"footnotes":""},"class_list":["post-105855","page","type-page","status-publish","hentry"],"acf":[],"yoast_head":"<!-- This site is optimized with the Yoast SEO plugin v27.5 - https:\/\/yoast.com\/product\/yoast-seo-wordpress\/ -->\n<title>\u00c0 propos de nous - Coolturalia<\/title>\n<meta name=\"description\" content=\"Explorez la vie culturelle genevoise avec Coolturalia; votre guide personnalis\u00e9 des \u00e9v\u00e9nements, expositions et adresses secr\u00e8tes de la ville.\" \/>\n<meta name=\"robots\" content=\"index, follow, max-snippet:-1, max-image-preview:large, max-video-preview:-1\" \/>\n<link rel=\"canonical\" href=\"https:\/\/www.coolturalia.com\/fr\/a-propos-de-nous\/\" \/>\n<meta property=\"og:locale\" content=\"fr_FR\" \/>\n<meta property=\"og:type\" content=\"article\" \/>\n<meta property=\"og:title\" content=\"\u00c0 propos de nous - Coolturalia\" \/>\n<meta property=\"og:description\" content=\"Explorez la vie culturelle genevoise avec Coolturalia; votre guide personnalis\u00e9 des \u00e9v\u00e9nements, expositions et adresses secr\u00e8tes de la ville.\" \/>\n<meta property=\"og:url\" content=\"https:\/\/www.coolturalia.com\/fr\/a-propos-de-nous\/\" \/>\n<meta property=\"og:site_name\" content=\"Coolturalia\" \/>\n<meta property=\"article:modified_time\" content=\"2025-01-05T18:05:34+00:00\" \/>\n<meta property=\"og:image\" content=\"https:\/\/www.coolturalia.com\/wp-content\/uploads\/2024\/04\/favicon-coolturalia-2.png\" \/>\n\t<meta property=\"og:image:width\" content=\"150\" \/>\n\t<meta property=\"og:image:height\" content=\"150\" \/>\n\t<meta property=\"og:image:type\" content=\"image\/png\" \/>\n<meta name=\"twitter:card\" content=\"summary_large_image\" \/>\n<meta name=\"twitter:label1\" content=\"Dur\u00e9e de lecture estim\u00e9e\" \/>\n\t<meta name=\"twitter:data1\" content=\"1 minute\" \/>\n<script type=\"application\/ld+json\" class=\"yoast-schema-graph\">{\"@context\":\"https:\\\/\\\/schema.org\",\"@graph\":[{\"@type\":\"WebPage\",\"@id\":\"https:\\\/\\\/www.coolturalia.com\\\/fr\\\/a-propos-de-nous\\\/\",\"url\":\"https:\\\/\\\/www.coolturalia.com\\\/fr\\\/a-propos-de-nous\\\/\",\"name\":\"\u00c0 propos de nous - Coolturalia\",\"isPartOf\":{\"@id\":\"https:\\\/\\\/www.coolturalia.com\\\/fr\\\/#website\"},\"datePublished\":\"2024-04-26T19:00:28+00:00\",\"dateModified\":\"2025-01-05T18:05:34+00:00\",\"description\":\"Explorez la vie culturelle genevoise avec Coolturalia; votre guide personnalis\u00e9 des \u00e9v\u00e9nements, expositions et adresses secr\u00e8tes de la ville.\",\"breadcrumb\":{\"@id\":\"https:\\\/\\\/www.coolturalia.com\\\/fr\\\/a-propos-de-nous\\\/#breadcrumb\"},\"inLanguage\":\"fr-FR\",\"potentialAction\":[{\"@type\":\"ReadAction\",\"target\":[\"https:\\\/\\\/www.coolturalia.com\\\/fr\\\/a-propos-de-nous\\\/\"]}]},{\"@type\":\"BreadcrumbList\",\"@id\":\"https:\\\/\\\/www.coolturalia.com\\\/fr\\\/a-propos-de-nous\\\/#breadcrumb\",\"itemListElement\":[{\"@type\":\"ListItem\",\"position\":1,\"name\":\"Home\",\"item\":\"https:\\\/\\\/www.coolturalia.com\\\/fr\\\/\"},{\"@type\":\"ListItem\",\"position\":2,\"name\":\"\u00c0 propos de nous\"}]},{\"@type\":\"WebSite\",\"@id\":\"https:\\\/\\\/www.coolturalia.com\\\/fr\\\/#website\",\"url\":\"https:\\\/\\\/www.coolturalia.com\\\/fr\\\/\",\"name\":\"Coolturalia\",\"description\":\"\",\"publisher\":{\"@id\":\"https:\\\/\\\/www.coolturalia.com\\\/fr\\\/#organization\"},\"potentialAction\":[{\"@type\":\"SearchAction\",\"target\":{\"@type\":\"EntryPoint\",\"urlTemplate\":\"https:\\\/\\\/www.coolturalia.com\\\/fr\\\/?s={search_term_string}\"},\"query-input\":{\"@type\":\"PropertyValueSpecification\",\"valueRequired\":true,\"valueName\":\"search_term_string\"}}],\"inLanguage\":\"fr-FR\"},{\"@type\":\"Organization\",\"@id\":\"https:\\\/\\\/www.coolturalia.com\\\/fr\\\/#organization\",\"name\":\"Coolturalia\",\"url\":\"https:\\\/\\\/www.coolturalia.com\\\/fr\\\/\",\"logo\":{\"@type\":\"ImageObject\",\"inLanguage\":\"fr-FR\",\"@id\":\"https:\\\/\\\/www.coolturalia.com\\\/fr\\\/#\\\/schema\\\/logo\\\/image\\\/\",\"url\":\"https:\\\/\\\/www.coolturalia.com\\\/wp-content\\\/uploads\\\/2024\\\/04\\\/Logo-coolturalia.svg\",\"contentUrl\":\"https:\\\/\\\/www.coolturalia.com\\\/wp-content\\\/uploads\\\/2024\\\/04\\\/Logo-coolturalia.svg\",\"width\":1312,\"height\":193,\"caption\":\"Coolturalia\"},\"image\":{\"@id\":\"https:\\\/\\\/www.coolturalia.com\\\/fr\\\/#\\\/schema\\\/logo\\\/image\\\/\"},\"sameAs\":[\"https:\\\/\\\/www.instagram.com\\\/coolturalia_geneva\\\/\"]}]}<\/script>\n<!-- \/ Yoast SEO plugin. -->","yoast_head_json":{"title":"\u00c0 propos de nous - Coolturalia","description":"Explorez la vie culturelle genevoise avec Coolturalia; votre guide personnalis\u00e9 des \u00e9v\u00e9nements, expositions et adresses secr\u00e8tes de la ville.","robots":{"index":"index","follow":"follow","max-snippet":"max-snippet:-1","max-image-preview":"max-image-preview:large","max-video-preview":"max-video-preview:-1"},"canonical":"https:\/\/www.coolturalia.com\/fr\/a-propos-de-nous\/","og_locale":"fr_FR","og_type":"article","og_title":"\u00c0 propos de nous - Coolturalia","og_description":"Explorez la vie culturelle genevoise avec Coolturalia; votre guide personnalis\u00e9 des \u00e9v\u00e9nements, expositions et adresses secr\u00e8tes de la ville.","og_url":"https:\/\/www.coolturalia.com\/fr\/a-propos-de-nous\/","og_site_name":"Coolturalia","article_modified_time":"2025-01-05T18:05:34+00:00","og_image":[{"width":150,"height":150,"url":"https:\/\/www.coolturalia.com\/wp-content\/uploads\/2024\/04\/favicon-coolturalia-2.png","type":"image\/png"}],"twitter_card":"summary_large_image","twitter_misc":{"Dur\u00e9e de lecture estim\u00e9e":"1 minute"},"schema":{"@context":"https:\/\/schema.org","@graph":[{"@type":"WebPage","@id":"https:\/\/www.coolturalia.com\/fr\/a-propos-de-nous\/","url":"https:\/\/www.coolturalia.com\/fr\/a-propos-de-nous\/","name":"\u00c0 propos de nous - Coolturalia","isPartOf":{"@id":"https:\/\/www.coolturalia.com\/fr\/#website"},"datePublished":"2024-04-26T19:00:28+00:00","dateModified":"2025-01-05T18:05:34+00:00","description":"Explorez la vie culturelle genevoise avec Coolturalia; votre guide personnalis\u00e9 des \u00e9v\u00e9nements, expositions et adresses secr\u00e8tes de la ville.","breadcrumb":{"@id":"https:\/\/www.coolturalia.com\/fr\/a-propos-de-nous\/#breadcrumb"},"inLanguage":"fr-FR","potentialAction":[{"@type":"ReadAction","target":["https:\/\/www.coolturalia.com\/fr\/a-propos-de-nous\/"]}]},{"@type":"BreadcrumbList","@id":"https:\/\/www.coolturalia.com\/fr\/a-propos-de-nous\/#breadcrumb","itemListElement":[{"@type":"ListItem","position":1,"name":"Home","item":"https:\/\/www.coolturalia.com\/fr\/"},{"@type":"ListItem","position":2,"name":"\u00c0 propos de nous"}]},{"@type":"WebSite","@id":"https:\/\/www.coolturalia.com\/fr\/#website","url":"https:\/\/www.coolturalia.com\/fr\/","name":"Coolturalia","description":"","publisher":{"@id":"https:\/\/www.coolturalia.com\/fr\/#organization"},"potentialAction":[{"@type":"SearchAction","target":{"@type":"EntryPoint","urlTemplate":"https:\/\/www.coolturalia.com\/fr\/?s={search_term_string}"},"query-input":{"@type":"PropertyValueSpecification","valueRequired":true,"valueName":"search_term_string"}}],"inLanguage":"fr-FR"},{"@type":"Organization","@id":"https:\/\/www.coolturalia.com\/fr\/#organization","name":"Coolturalia","url":"https:\/\/www.coolturalia.com\/fr\/","logo":{"@type":"ImageObject","inLanguage":"fr-FR","@id":"https:\/\/www.coolturalia.com\/fr\/#\/schema\/logo\/image\/","url":"https:\/\/www.coolturalia.com\/wp-content\/uploads\/2024\/04\/Logo-coolturalia.svg","contentUrl":"https:\/\/www.coolturalia.com\/wp-content\/uploads\/2024\/04\/Logo-coolturalia.svg","width":1312,"height":193,"caption":"Coolturalia"},"image":{"@id":"https:\/\/www.coolturalia.com\/fr\/#\/schema\/logo\/image\/"},"sameAs":["https:\/\/www.instagram.com\/coolturalia_geneva\/"]}]}},"translations":{"translations":{"en":"620","fr":"105855"},"language":{"code":"fr"},"date":{"dateRange":null}},"language":{"code":"fr"},"_links":{"self":[{"href":"https:\/\/www.coolturalia.com\/fr\/wp-json\/wp\/v2\/pages\/105855","targetHints":{"allow":["GET"]}}],"collection":[{"href":"https:\/\/www.coolturalia.com\/fr\/wp-json\/wp\/v2\/pages"}],"about":[{"href":"https:\/\/www.coolturalia.com\/fr\/wp-json\/wp\/v2\/types\/page"}],"author":[{"embeddable":true,"href":"https:\/\/www.coolturalia.com\/fr\/wp-json\/wp\/v2\/users\/58"}],"replies":[{"embeddable":true,"href":"https:\/\/www.coolturalia.com\/fr\/wp-json\/wp\/v2\/comments?post=105855"}],"version-history":[{"count":14,"href":"https:\/\/www.coolturalia.com\/fr\/wp-json\/wp\/v2\/pages\/105855\/revisions"}],"predecessor-version":[{"id":127927,"href":"https:\/\/www.coolturalia.com\/fr\/wp-json\/wp\/v2\/pages\/105855\/revisions\/127927"}],"wp:attachment":[{"href":"https:\/\/www.coolturalia.com\/fr\/wp-json\/wp\/v2\/media?parent=105855"}],"curies":[{"name":"wp","href":"https:\/\/api.w.org\/{rel}","templated":true}]}}